{"id":5314,"date":"2024-03-31T19:03:35","date_gmt":"2024-03-31T19:03:35","guid":{"rendered":"https:\/\/mainetfunded.com\/politique-de-remboursement\/"},"modified":"2024-09-27T15:43:40","modified_gmt":"2024-09-27T15:43:40","slug":"politique-de-remboursement","status":"publish","type":"page","link":"https:\/\/mainetfunded.com\/fr\/politique-de-remboursement\/","title":{"rendered":"Politique de remboursement"},"content":{"rendered":"\t\t<div data-elementor-type=\"wp-page\" data-elementor-id=\"5314\" class=\"elementor elementor-5314 elementor-3084\" data-elementor-post-type=\"page\">\n\t\t\t\t<div class=\"elementor-element elementor-element-7220df1a e-flex e-con-boxed e-con e-parent\" data-id=\"7220df1a\" data-element_type=\"container\" data-settings=\"{&quot;content_width&quot;:&quot;boxed&quot;}\" data-core-v316-plus=\"true\">\n\t\t\t\t\t<div class=\"e-con-inner\">\n\t\t\t\t<div class=\"elementor-element elementor-element-8df4405 elementor-widget elementor-widget-spacer\" data-id=\"8df4405\" data-element_type=\"widget\" data-widget_type=\"spacer.default\">\n\t\t\t\t<div class=\"elementor-widget-container\">\n\t\t\t<style>\/*! elementor - v3.19.0 - 26-02-2024 *\/\n.elementor-column .elementor-spacer-inner{height:var(--spacer-size)}.e-con{--container-widget-width:100%}.e-con-inner>.elementor-widget-spacer,.e-con>.elementor-widget-spacer{width:var(--container-widget-width,var(--spacer-size));--align-self:var(--container-widget-align-self,initial);--flex-shrink:0}.e-con-inner>.elementor-widget-spacer>.elementor-widget-container,.e-con>.elementor-widget-spacer>.elementor-widget-container{height:100%;width:100%}.e-con-inner>.elementor-widget-spacer>.elementor-widget-container>.elementor-spacer,.e-con>.elementor-widget-spacer>.elementor-widget-container>.elementor-spacer{height:100%}.e-con-inner>.elementor-widget-spacer>.elementor-widget-container>.elementor-spacer>.elementor-spacer-inner,.e-con>.elementor-widget-spacer>.elementor-widget-container>.elementor-spacer>.elementor-spacer-inner{height:var(--container-widget-height,var(--spacer-size))}.e-con-inner>.elementor-widget-spacer.elementor-widget-empty,.e-con>.elementor-widget-spacer.elementor-widget-empty{position:relative;min-height:22px;min-width:22px}.e-con-inner>.elementor-widget-spacer.elementor-widget-empty .elementor-widget-empty-icon,.e-con>.elementor-widget-spacer.elementor-widget-empty .elementor-widget-empty-icon{position:absolute;top:0;bottom:0;left:0;right:0;margin:auto;padding:0;width:22px;height:22px}<\/style>\t\t<div class=\"elementor-spacer\">\n\t\t\t<div class=\"elementor-spacer-inner\"><\/div>\n\t\t<\/div>\n\t\t\t\t<\/div>\n\t\t\t\t<\/div>\n\t\t\t\t<div class=\"elementor-element elementor-element-5521e1f0 elementor-widget elementor-widget-text-editor\" data-id=\"5521e1f0\" data-element_type=\"widget\" data-widget_type=\"text-editor.default\">\n\t\t\t\t<div class=\"elementor-widget-container\">\n\t\t\t<style>\/*! elementor - v3.19.0 - 26-02-2024 *\/\n.elementor-widget-text-editor.elementor-drop-cap-view-stacked .elementor-drop-cap{background-color:#69727d;color:#fff}.elementor-widget-text-editor.elementor-drop-cap-view-framed .elementor-drop-cap{color:#69727d;border:3px solid;background-color:transparent}.elementor-widget-text-editor:not(.elementor-drop-cap-view-default) .elementor-drop-cap{margin-top:8px}.elementor-widget-text-editor:not(.elementor-drop-cap-view-default) .elementor-drop-cap-letter{width:1em;height:1em}.elementor-widget-text-editor .elementor-drop-cap{float:left;text-align:center;line-height:1;font-size:50px}.elementor-widget-text-editor .elementor-drop-cap-letter{display:inline-block}<\/style>\t\t\t\t<h3>P\u00e9riode d&rsquo;annulation<\/h3>\n<p> <\/p>\n<p>L&rsquo;utilisateur a le droit d&rsquo;annuler les services command\u00e9s, en particulier l'\u00a0\u00bb\u00e9valuation commerciale MainetFunded\u00a0\u00bb, dans un d\u00e9lai de 21 jours \u00e0 compter de la date d&rsquo;achat des services.\nCette p\u00e9riode d&rsquo;annulation commence \u00e0 la date d&rsquo;achat et se termine le 21\u00e8me jour suivant la date d&rsquo;achat.\nL&rsquo;utilisateur reconna\u00eet avoir lu cette politique de remboursement et compris son utilisation ; au cours du premier mois, l&rsquo;utilisateur reconna\u00eet qu&rsquo;apr\u00e8s l&rsquo;achat du processus \u00ab\u00a0MainetFunded Evluation Phase\u00a0\u00bb, il peut s&rsquo;\u00e9couler jusqu&rsquo;\u00e0 21 jours avant que le service ne soit livr\u00e9 &#8211; les identifiants pour acc\u00e9der \u00e0 la plateforme, qui sont re\u00e7us par notre partenaire fournisseur de technologie, sont consid\u00e9r\u00e9s comme achet\u00e9s \u00e0 l&rsquo;avance et le client a la possibilit\u00e9 de demander un remboursement \u00e0 tout moment avant d&rsquo;acc\u00e9der \u00e0 la plateforme de trading avec les identifiants.\nCette politique de remboursement est sujette \u00e0 tout changement, apr\u00e8s la fin de la p\u00e9riode de 21 jours avant la r\u00e9ception des cr\u00e9dits.\nApr\u00e8s le premier mois de travail, \u00e0 partir du 04.04.2024, les services financ\u00e9s par MainetFunded \u00ab\u00a0MainetFunded Trading Evaluation\u00a0\u00bb sont sujets \u00e0 \u00eatre livr\u00e9s directement apr\u00e8s l&rsquo;achat.    <\/p>\n<p>Remarque : la p\u00e9riode d&rsquo;attente de 21 jours, au cours du premier mois de lancement, est due \u00e0 la livraison du syst\u00e8me par notre partenaire fournisseur de technologie.<\/p>\n<h3>NATURE DES FRAIS D&rsquo;INSCRIPTION<\/h3>\n<p> <\/p>\n<p>Pas de d\u00e9p\u00f4t &#8211; Acc\u00e8s unique &#8211; Pas de frais r\u00e9currents &#8211; R\u00e8gle d&rsquo;inactivit\u00e9 &#8211; R\u00e9trogradation\/mise \u00e0 niveau<\/p>\n<p>Les frais d&rsquo;inscription pay\u00e9s au moment de l&rsquo;enregistrement ne constituent pas un d\u00e9p\u00f4t sur un compte de n\u00e9gociation et ont une autre finalit\u00e9, d\u00e9crite ci-dessous.<\/p>\n<p>Les frais d&rsquo;inscription sont un paiement unique factur\u00e9 pour permettre l&rsquo;acc\u00e8s au tableau de bord MainetFunded avec l&rsquo;acc\u00e8s \u00e0 un compte en capitalisation simul\u00e9 \u00e0 des fins \u00e9ducatives et pour couvrir les co\u00fbts op\u00e9rationnels associ\u00e9s au logiciel, \u00e0 la technologie et au contenu \u00e9ducatif.<\/p>\n<p>MainetFunded ne pr\u00e9l\u00e8ve pas de frais mensuels ou r\u00e9currents pendant la dur\u00e9e de la participation d&rsquo;un client au programme de trader financ\u00e9.<\/p>\n<p>Dans les cas o\u00f9 le compte financ\u00e9 reste inactif (aucune activit\u00e9 de trading), MainetFunded offre une fen\u00eatre pour le remboursement des frais d&rsquo;inscription.\nUne telle demande doit \u00eatre faite dans les sept (7) jours suivant la date d&rsquo;ouverture du compte pour \u00eatre consid\u00e9r\u00e9e comme \u00e9ligible. <\/p>\n<p>Une fois que la n\u00e9gociation a \u00e9t\u00e9 initi\u00e9e sur un compte approvisionn\u00e9, le client n&rsquo;est pas autoris\u00e9 \u00e0 passer \u00e0 un compte plus important ou \u00e0 r\u00e9trograder vers un compte plus petit.<\/p>\n<h3>Droit au remboursement<\/h3>\n<p> <\/p>\n<p>Pour pouvoir b\u00e9n\u00e9ficier d&rsquo;un remboursement pendant la p\u00e9riode d&rsquo;annulation de 21 jours, l&rsquo;utilisateur ne doit pas avoir commenc\u00e9 \u00e0 utiliser les services en ouvrant des commandes sur le compte d&rsquo;\u00e9valuation.\nSi l&rsquo;utilisateur a d\u00e9j\u00e0 commenc\u00e9 \u00e0 utiliser les services, cette politique de remboursement ne s&rsquo;applique plus et aucun remboursement ne sera effectu\u00e9. <\/p>\n<h3>Demande de remboursement<\/h3>\n<p><br><br><\/p>\n<p>Pour demander un remboursement pendant la p\u00e9riode d&rsquo;annulation sp\u00e9cifi\u00e9e, l&rsquo;utilisateur doit contacter notre \u00e9quipe d&rsquo;assistance \u00e0 la client\u00e8le \u00e0 l&rsquo;adresse support@mainetfunded.com et fournir les informations suivantes :<\/p>\n<ul>\n<li aria-level=\"1\">Nom complet<\/li>\n<li aria-level=\"1\">Date d&rsquo;achat<\/li>\n<li aria-level=\"1\">Motif de la demande de remboursement<\/li>\n<\/ul>\n<p>ou simplement en suivant les \u00e9tapes de notre tableau de bord d&rsquo;affili\u00e9 &#8211; demandez un remboursement et attendez l&rsquo;approbation du support.<\/p>\n<h3>Proc\u00e9dure de remboursement<\/h3>\n<p> <\/p>\n<p>D\u00e8s r\u00e9ception d&rsquo;une demande de remboursement valide, nous proc\u00e9derons au remboursement dans un d\u00e9lai de deux jours ouvrables.\nLe remboursement sera effectu\u00e9 en utilisant la m\u00eame m\u00e9thode de paiement que celle utilis\u00e9e pour l&rsquo;achat initial.\nVeuillez noter qu&rsquo;il peut s&rsquo;\u00e9couler un certain temps avant que le montant rembours\u00e9 n&rsquo;apparaisse sur votre compte, en fonction des politiques de votre fournisseur de paiement.\nPendant les 21 jours suivant l&rsquo;achat \u00e0 l&rsquo;avance, tout service achet\u00e9 et soumis \u00e0 notre programme d&rsquo;affiliation pourra faire l&rsquo;objet d&rsquo;un changement de montant si un remboursement est demand\u00e9.   <\/p>\n<p>Exemple : l&rsquo;utilisateur 1 invite l&rsquo;utilisateur 2 &#8211; l&rsquo;utilisateur 1 re\u00e7oit x% apr\u00e8s que l&rsquo;utilisateur 2 ait achet\u00e9 un service list\u00e9 sur la plateforme MainetFunded.\nSi, au cours des 21 jours pr\u00e9c\u00e9dant la r\u00e9ception des cr\u00e9dits, l&rsquo;utilisateur 2 demande un remboursement, le prix du produit dans ce cas est d\u00e9duit du revenu d&rsquo;affiliation de l&rsquo;utilisateur 1. <\/p>\n<h3>Montant du remboursement<\/h3>\n<p> <\/p>\n<p>Le montant rembours\u00e9 sera \u00e9gal au co\u00fbt total des services tels que sp\u00e9cifi\u00e9s dans l&rsquo;achat initial, moins les frais ou charges applicables.\nSi des r\u00e9ductions ou des promotions ont \u00e9t\u00e9 appliqu\u00e9es \u00e0 l&rsquo;achat initial, le montant rembours\u00e9 refl\u00e9tera le prix r\u00e9duit. <\/p>\n<p> <\/p>\n<h3>Informations sur le contact<\/h3>\n<p>Si vous avez des questions ou si vous avez besoin d&rsquo;aide concernant notre politique de remboursement, veuillez contacter notre \u00e9quipe d&rsquo;assistance \u00e0 la client\u00e8le \u00e0 l&rsquo;adresse support@mainetfunded.com.<\/p>\n<p>En achetant les services d&rsquo;\u00e9valuation commerciale de MainetFunded, vous acceptez d&rsquo;adh\u00e9rer \u00e0 la pr\u00e9sente politique de remboursement et d&rsquo;\u00eatre li\u00e9 par elle.<\/p>\n<p> <\/p>\n<p>SOCI\u00c9T\u00c9 : Mainet Prop Firm Services FZCO<\/p>\n<p>SITE WEB : https:\/\/mainetfunded.com , site web d&rsquo;affiliation.<\/p>\n<p>EMAIL : support@mainetfunded.com<\/p>\n<p> <\/p>\n<p>Une copie de cet accord est disponible pour les deux parties sur affiliate.mainetfunded.com \/ Section Client.<\/p>\t\t\t\t\t\t<\/div>\n\t\t\t\t<\/div>\n\t\t\t\t\t<\/div>\n\t\t\t\t<\/div>\n\t\t\t\t<\/div>\n\t\t","protected":false},"excerpt":{"rendered":"<p>P\u00e9riode d&rsquo;annulation L&rsquo;utilisateur a le droit d&rsquo;annuler les services command\u00e9s, en particulier l&rsquo;\u00a0\u00bb\u00e9valuation commerciale MainetFunded\u00a0\u00bb, dans un d\u00e9lai de 21 jours \u00e0 compter de la date d&rsquo;achat des [&hellip;]<\/p>\n","protected":false},"author":1,"featured_media":0,"parent":0,"menu_order":0,"comment_status":"closed","ping_status":"closed","template":"","meta":{"footnotes":""},"class_list":["post-5314","page","type-page","status-publish","hentry"],"_links":{"self":[{"href":"https:\/\/mainetfunded.com\/fr\/wp-json\/wp\/v2\/pages\/5314","targetHints":{"allow":["GET"]}}],"collection":[{"href":"https:\/\/mainetfunded.com\/fr\/wp-json\/wp\/v2\/pages"}],"about":[{"href":"https:\/\/mainetfunded.com\/fr\/wp-json\/wp\/v2\/types\/page"}],"author":[{"embeddable":true,"href":"https:\/\/mainetfunded.com\/fr\/wp-json\/wp\/v2\/users\/1"}],"replies":[{"embeddable":true,"href":"https:\/\/mainetfunded.com\/fr\/wp-json\/wp\/v2\/comments?post=5314"}],"version-history":[{"count":3,"href":"https:\/\/mainetfunded.com\/fr\/wp-json\/wp\/v2\/pages\/5314\/revisions"}],"predecessor-version":[{"id":5322,"href":"https:\/\/mainetfunded.com\/fr\/wp-json\/wp\/v2\/pages\/5314\/revisions\/5322"}],"wp:attachment":[{"href":"https:\/\/mainetfunded.com\/fr\/wp-json\/wp\/v2\/media?parent=5314"}],"curies":[{"name":"wp","href":"https:\/\/api.w.org\/{rel}","templated":true}]}}