{"id":5343,"date":"2024-03-31T19:03:35","date_gmt":"2024-03-31T19:03:35","guid":{"rendered":"https:\/\/mainetfunded.com\/politica-de-rambursare\/"},"modified":"2024-09-27T15:43:41","modified_gmt":"2024-09-27T15:43:41","slug":"politica-de-rambursare","status":"publish","type":"page","link":"https:\/\/mainetfunded.com\/ro\/politica-de-rambursare\/","title":{"rendered":"Politica de rambursare"},"content":{"rendered":"\t\t<div data-elementor-type=\"wp-page\" data-elementor-id=\"5343\" class=\"elementor elementor-5343 elementor-3084\" data-elementor-post-type=\"page\">\n\t\t\t\t<div class=\"elementor-element elementor-element-7220df1a e-flex e-con-boxed e-con e-parent\" data-id=\"7220df1a\" data-element_type=\"container\" data-settings=\"{&quot;content_width&quot;:&quot;boxed&quot;}\" data-core-v316-plus=\"true\">\n\t\t\t\t\t<div class=\"e-con-inner\">\n\t\t\t\t<div class=\"elementor-element elementor-element-8df4405 elementor-widget elementor-widget-spacer\" data-id=\"8df4405\" data-element_type=\"widget\" data-widget_type=\"spacer.default\">\n\t\t\t\t<div class=\"elementor-widget-container\">\n\t\t\t<style>\/*! elementor - v3.19.0 - 26-02-2024 *\/\n.elementor-column .elementor-spacer-inner{height:var(--spacer-size)}.e-con{--container-widget-width:100%}.e-con-inner>.elementor-widget-spacer,.e-con>.elementor-widget-spacer{width:var(--container-widget-width,var(--spacer-size));--align-self:var(--container-widget-align-self,initial);--flex-shrink:0}.e-con-inner>.elementor-widget-spacer>.elementor-widget-container,.e-con>.elementor-widget-spacer>.elementor-widget-container{height:100%;width:100%}.e-con-inner>.elementor-widget-spacer>.elementor-widget-container>.elementor-spacer,.e-con>.elementor-widget-spacer>.elementor-widget-container>.elementor-spacer{height:100%}.e-con-inner>.elementor-widget-spacer>.elementor-widget-container>.elementor-spacer>.elementor-spacer-inner,.e-con>.elementor-widget-spacer>.elementor-widget-container>.elementor-spacer>.elementor-spacer-inner{height:var(--container-widget-height,var(--spacer-size))}.e-con-inner>.elementor-widget-spacer.elementor-widget-empty,.e-con>.elementor-widget-spacer.elementor-widget-empty{position:relative;min-height:22px;min-width:22px}.e-con-inner>.elementor-widget-spacer.elementor-widget-empty .elementor-widget-empty-icon,.e-con>.elementor-widget-spacer.elementor-widget-empty .elementor-widget-empty-icon{position:absolute;top:0;bottom:0;left:0;right:0;margin:auto;padding:0;width:22px;height:22px}<\/style>\t\t<div class=\"elementor-spacer\">\n\t\t\t<div class=\"elementor-spacer-inner\"><\/div>\n\t\t<\/div>\n\t\t\t\t<\/div>\n\t\t\t\t<\/div>\n\t\t\t\t<div class=\"elementor-element elementor-element-5521e1f0 elementor-widget elementor-widget-text-editor\" data-id=\"5521e1f0\" data-element_type=\"widget\" data-widget_type=\"text-editor.default\">\n\t\t\t\t<div class=\"elementor-widget-container\">\n\t\t\t<style>\/*! elementor - v3.19.0 - 26-02-2024 *\/\n.elementor-widget-text-editor.elementor-drop-cap-view-stacked .elementor-drop-cap{background-color:#69727d;color:#fff}.elementor-widget-text-editor.elementor-drop-cap-view-framed .elementor-drop-cap{color:#69727d;border:3px solid;background-color:transparent}.elementor-widget-text-editor:not(.elementor-drop-cap-view-default) .elementor-drop-cap{margin-top:8px}.elementor-widget-text-editor:not(.elementor-drop-cap-view-default) .elementor-drop-cap-letter{width:1em;height:1em}.elementor-widget-text-editor .elementor-drop-cap{float:left;text-align:center;line-height:1;font-size:50px}.elementor-widget-text-editor .elementor-drop-cap-letter{display:inline-block}<\/style>\t\t\t\t<h3>Perioada de anulare<\/h3>\n<p> <\/p>\n<p>Utilizatorul are dreptul de a anula serviciile comandate, \u00een special &#8222;MainetFunded Trading Evaluation&#8221;, \u00een termen de 21 de zile de la achizi\u021bionarea serviciilor.\nAceast\u0103 perioad\u0103 de anulare \u00eencepe de la data achizi\u021biei \u0219i se \u00eencheie \u00een a 21-a zi de la data achizi\u021biei.\nUtilizatorul recunoa\u0219te c\u0103 a citit aceast\u0103 politic\u0103 de rambursare \u0219i a \u00een\u021beles utilizarea acesteia; \u00een prima lun\u0103, utilizatorul recunoa\u0219te c\u0103, dup\u0103 achizi\u021bionarea procesului &#8222;MainetFunded Evluation Phase&#8221;, ar putea dura p\u00e2n\u0103 la 21 de zile pentru ca serviciul s\u0103 fie livrat &#8211; acredit\u0103rile pentru accesarea platformei, care sunt primite prin intermediul partenerului nostru furnizor de tehnologie, sunt considerate cump\u0103rate \u00een avans \u0219i clientul are op\u021biunea de a solicita o rambursare \u00een orice moment \u00eenainte de a accesa platforma de tranzac\u021bionare cu acredit\u0103rile.\nAceast\u0103 politic\u0103 de rambursare este supus\u0103 oric\u0103rei modific\u0103ri, dup\u0103 expirarea perioadei de 21 de zile \u00eenainte de primirea acredit\u0103rilor.\nDup\u0103 prima lun\u0103 de lucru, \u00eencep\u00e2nd cu 04.04.2024, serviciile MainetFunded &#8222;MainetFunded Trading Evaluation&#8221; sunt supuse livr\u0103rii imediat dup\u0103 efectuarea achizi\u021biei.    <\/p>\n<p>Not\u0103: Perioada de a\u0219teptare de 21 de zile, \u00een prima lun\u0103 de la lansare, se datoreaz\u0103 livr\u0103rii sistemului de c\u0103tre furnizorul nostru partener de tehnologie.<\/p>\n<h3>NATURA TAXEI DE \u00ceNSCRIERE<\/h3>\n<p> <\/p>\n<p>Nu este un depozit &#8211; Acces unic &#8211; F\u0103r\u0103 taxe recurente &#8211; Regula inactivit\u0103\u021bii &#8211; Retrogradare\/upgrade<\/p>\n<p>Taxa de \u00eenscriere pl\u0103tit\u0103 \u00een momentul \u00eenregistr\u0103rii nu este un depozit \u00eentr-un cont de tranzac\u021bionare \u0219i are un scop diferit, a\u0219a cum este descris mai jos.<\/p>\n<p>Taxa de \u00eenscriere este o plat\u0103 unic\u0103 perceput\u0103 pentru a acorda acces la tabloul de bord MainetFunded cu acces la un cont finan\u021bat simulat \u00een scopuri educa\u021bionale \u0219i pentru a acoperi costurile opera\u021bionale asociate cu software-ul, tehnologia \u0219i con\u021binutul educa\u021bional.<\/p>\n<p>MainetFunded nu percepe nicio tax\u0103 lunar\u0103 sau recurent\u0103 pe durata implic\u0103rii unui client \u00een programul traderului finan\u021bat.<\/p>\n<p>\u00cen cazurile \u00een care contul finan\u021bat r\u0103m\u00e2ne inactiv (f\u0103r\u0103 activitate de tranzac\u021bionare), MainetFunded ofer\u0103 o fereastr\u0103 pentru rambursarea taxei de \u00eenscriere.\nPentru a fi considerate eligibile, astfel de cereri trebuie s\u0103 fie depuse \u00een termen de \u0219apte (7) zile de la data deschiderii contului. <\/p>\n<p>Odat\u0103 ce tranzac\u021bionarea a fost ini\u021biat\u0103 pe un cont finan\u021bat, clientului nu i se permite s\u0103 treac\u0103 la un cont mai mare sau s\u0103 retrogradeze la unul mai mic.<\/p>\n<h3>Eligibilitatea pentru rambursare<\/h3>\n<p> <\/p>\n<p>Pentru a fi eligibil pentru o rambursare \u00een timpul perioadei de anulare de 21 de zile, utilizatorul nu trebuie s\u0103 fi ini\u021biat utilizarea serviciilor prin deschiderea unor comenzi \u00een contul de evaluare.\nDac\u0103 utilizatorul a ini\u021biat deja utilizarea serviciilor, aceast\u0103 politic\u0103 de rambursare nu se mai aplic\u0103 \u0219i nu se vor acorda ramburs\u0103ri. <\/p>\n<h3>Solicitarea unei ramburs\u0103ri<\/h3>\n<p><br><br><\/p>\n<p>Pentru a solicita o rambursare \u00een perioada de anulare specificat\u0103, utilizatorul trebuie s\u0103 contacteze echipa noastr\u0103 de asisten\u021b\u0103 pentru clien\u021bi la support@mainetfunded.com \u0219i s\u0103 furnizeze urm\u0103toarele informa\u021bii:<\/p>\n<ul>\n<li aria-level=\"1\">Numele \u0219i prenumele<\/li>\n<li aria-level=\"1\">Data achizi\u021biei<\/li>\n<li aria-level=\"1\">Motivul pentru care se solicit\u0103 rambursarea<\/li>\n<\/ul>\n<p>sau pur \u0219i simplu urm\u00e2nd pa\u0219ii din tabloul nostru de bord afiliat &#8211; solicita\u021bi o rambursare \u0219i a\u0219tepta\u021bi aprobarea suportului.<\/p>\n<h3>Procesul de rambursare<\/h3>\n<p> <\/p>\n<p>La primirea unei cereri de rambursare valide, vom procesa rambursarea \u00een termen de 2 zile lucr\u0103toare.\nRambursarea va fi emis\u0103 folosind aceea\u0219i metod\u0103 de plat\u0103 utilizat\u0103 pentru achizi\u021bia ini\u021bial\u0103.\nV\u0103 rug\u0103m s\u0103 re\u021bine\u021bi c\u0103 poate dura ceva timp p\u00e2n\u0103 c\u00e2nd suma rambursat\u0103 s\u0103 apar\u0103 \u00een contul dvs., \u00een func\u021bie de politicile furnizorului dvs. de pl\u0103\u021bi.\n\u00cen timpul celor 21 de zile de la cump\u0103rarea \u00een avans, orice serviciu care a fost cump\u0103rat \u0219i face obiectul programului nostru de afiliere, va fi supus modific\u0103rii sumei dac\u0103 se solicit\u0103 o rambursare.   <\/p>\n<p>Exemplu: user1 invit\u0103 user2 &#8211; user1 prime\u0219te x% dup\u0103 ce user2 cump\u0103r\u0103 un serviciu listat pe platforma MainetFunded.\nDac\u0103, \u00een cursul celor 21 de zile anterioare primirii acredit\u0103rilor, utilizatorul2 prime\u0219te o rambursare, pre\u021bul produsului \u00een acest caz este dedus din venitul de afiliere al utilizatorului1. <\/p>\n<h3>Suma de rambursare<\/h3>\n<p> <\/p>\n<p>Suma rambursat\u0103 va fi egal\u0103 cu costul total al serviciilor specificate \u00een achizi\u021bia ini\u021bial\u0103, minus orice taxe sau tarife aplicabile.\nDac\u0103 au fost aplicate reduceri sau promo\u021bii la achizi\u021bia ini\u021bial\u0103, suma rambursat\u0103 va reflecta pre\u021bul redus. <\/p>\n<p> <\/p>\n<h3>Informa\u021bii de contact<\/h3>\n<p>Dac\u0103 ave\u021bi \u00eentreb\u0103ri sau ave\u021bi nevoie de asisten\u021b\u0103 suplimentar\u0103 cu privire la politica noastr\u0103 de rambursare, v\u0103 rug\u0103m s\u0103 contacta\u021bi echipa noastr\u0103 de asisten\u021b\u0103 pentru clien\u021bi la support@mainetfunded.com<\/p>\n<p>Prin achizi\u021bionarea serviciilor MainetFunded Trading Evaluation, sunte\u021bi de acord s\u0103 respecta\u021bi \u0219i s\u0103 v\u0103 supune\u021bi acestei politici de rambursare<\/p>\n<p> <\/p>\n<p>COMPANIE: Mainet Prop Firm Services FZCO<\/p>\n<p>WEBSITE: https:\/\/mainetfunded.com , aplica\u021bie site afiliat.<\/p>\n<p>EMAIL: support@mainetfunded.com<\/p>\n<p> <\/p>\n<p>O copie a acestui acord este disponibil\u0103 pentru ambele p\u0103r\u021bi pe affiliate.mainetfunded.com \/ Sec\u021biunea Clien\u021bi.<\/p>\t\t\t\t\t\t<\/div>\n\t\t\t\t<\/div>\n\t\t\t\t\t<\/div>\n\t\t\t\t<\/div>\n\t\t\t\t<\/div>\n\t\t","protected":false},"excerpt":{"rendered":"<p>Perioada de anulare Utilizatorul are dreptul de a anula serviciile comandate, \u00een special &#8222;MainetFunded Trading Evaluation&#8221;, \u00een termen de 21 de zile de la achizi\u021bionarea serviciilor. Aceast\u0103 perioad\u0103 [&hellip;]<\/p>\n","protected":false},"author":1,"featured_media":0,"parent":0,"menu_order":0,"comment_status":"closed","ping_status":"closed","template":"","meta":{"footnotes":""},"class_list":["post-5343","page","type-page","status-publish","hentry"],"_links":{"self":[{"href":"https:\/\/mainetfunded.com\/ro\/wp-json\/wp\/v2\/pages\/5343","targetHints":{"allow":["GET"]}}],"collection":[{"href":"https:\/\/mainetfunded.com\/ro\/wp-json\/wp\/v2\/pages"}],"about":[{"href":"https:\/\/mainetfunded.com\/ro\/wp-json\/wp\/v2\/types\/page"}],"author":[{"embeddable":true,"href":"https:\/\/mainetfunded.com\/ro\/wp-json\/wp\/v2\/users\/1"}],"replies":[{"embeddable":true,"href":"https:\/\/mainetfunded.com\/ro\/wp-json\/wp\/v2\/comments?post=5343"}],"version-history":[{"count":2,"href":"https:\/\/mainetfunded.com\/ro\/wp-json\/wp\/v2\/pages\/5343\/revisions"}],"predecessor-version":[{"id":5345,"href":"https:\/\/mainetfunded.com\/ro\/wp-json\/wp\/v2\/pages\/5343\/revisions\/5345"}],"wp:attachment":[{"href":"https:\/\/mainetfunded.com\/ro\/wp-json\/wp\/v2\/media?parent=5343"}],"curies":[{"name":"wp","href":"https:\/\/api.w.org\/{rel}","templated":true}]}}